{"id":122,"date":"2021-01-10T19:27:14","date_gmt":"2021-01-10T19:27:14","guid":{"rendered":"https:\/\/mo5.de\/?page_id=122"},"modified":"2021-01-10T20:17:15","modified_gmt":"2021-01-10T20:17:15","slug":"startseite","status":"publish","type":"page","link":"https:\/\/mo5.de\/","title":{"rendered":"Startseite"},"content":{"rendered":"\n\t\t\t<\/div>\n\t\t<\/div>\n\t<\/div>\n<\/div>\n\n<div class=\"image-header-full-width image-header-full-height\">\n\t\t\t<div class=\"header-image-full-width\">\n\t\t\t\t<div class=\"header-image-media\">\n\t\t\t\t\t<div id=\"wp-header-image\" class=\"wp-header-image\">\n\t\t\t\t\t\t<img src=\"https:\/\/mo5.de\/wp-content\/uploads\/2021\/01\/mo5-cloud.jpg\" alt=\"\">\n\t\t\t\t\t\t<div class=\"opacity-mask\"><\/div>\n\t\t\t\t\t<\/div>\n\t\t\t\t<\/div>\n\t\t\t\t<div class=\"header-image-full-width-text\">\n\t\t\t\t\t<div class=\"container\">\n\t\t\t\t\t<h1>Organisieren Sie Ihre Arbeit digital mit mo5.de<\/h1>\n<p>Daten teilen, kommentieren und diskutieren<\/p>\n\t\t\t\t\t<\/div>\n\t\t\t\t<\/div>\n\t\t\t<\/div>\n<\/div>\n\t\t\t<div class=\"container wrapper wrapper-after-image\">\n\t\t<div class=\"row\">\n\t\t<div class=\"col-sm-12\">\n\n\n<div style=\"height:100px\" aria-hidden=\"true\" class=\"wp-block-spacer\"><\/div>\n\n\n\n<p><strong>Egal ob Distanzunterricht, Homeoffice oder Lerngruppen mit mo5.de organisieren Sie Ihre Daten mit Mitsch\u00fclern, Kollegen oder<\/strong> <strong>Kommilitonen<\/strong> <strong>und behalten so den \u00dcberblick und den Spa\u00df an der Arbeit.<\/strong><\/p>\n\n\n\n<div style=\"height:100px\" aria-hidden=\"true\" class=\"wp-block-spacer\"><\/div>\n","protected":false},"excerpt":{"rendered":"<p>Egal ob Distanzunterricht, Homeoffice oder Lerngruppen mit mo5.de organisieren Sie Ihre Daten mit Mitsch\u00fclern, Kollegen oder Kommilitonen und behalten so den \u00dcberblick und den Spa\u00df an der Arbeit.<\/p>\n","protected":false},"author":1,"featured_media":0,"parent":0,"menu_order":0,"comment_status":"closed","ping_status":"open","template":"","meta":[],"_links":{"self":[{"href":"https:\/\/mo5.de\/index.php?rest_route=\/wp\/v2\/pages\/122"}],"collection":[{"href":"https:\/\/mo5.de\/index.php?rest_route=\/wp\/v2\/pages"}],"about":[{"href":"https:\/\/mo5.de\/index.php?rest_route=\/wp\/v2\/types\/page"}],"author":[{"embeddable":true,"href":"https:\/\/mo5.de\/index.php?rest_route=\/wp\/v2\/users\/1"}],"replies":[{"embeddable":true,"href":"https:\/\/mo5.de\/index.php?rest_route=%2Fwp%2Fv2%2Fcomments&post=122"}],"version-history":[{"count":17,"href":"https:\/\/mo5.de\/index.php?rest_route=\/wp\/v2\/pages\/122\/revisions"}],"predecessor-version":[{"id":146,"href":"https:\/\/mo5.de\/index.php?rest_route=\/wp\/v2\/pages\/122\/revisions\/146"}],"wp:attachment":[{"href":"https:\/\/mo5.de\/index.php?rest_route=%2Fwp%2Fv2%2Fmedia&parent=122"}],"curies":[{"name":"wp","href":"https:\/\/api.w.org\/{rel}","templated":true}]}}